{"id":24849,"date":"2022-02-07T19:04:57","date_gmt":"2022-02-07T18:04:57","guid":{"rendered":"https:\/\/www.nechtyzilina.sk\/?page_id=24849"},"modified":"2026-01-04T19:10:23","modified_gmt":"2026-01-04T18:10:23","slug":"elementor-24849","status":"publish","type":"page","link":"https:\/\/www.nechtyzilina.sk\/?page_id=24849","title":{"rendered":"Kontakt"},"content":{"rendered":"\t\t<div data-elementor-type=\"wp-page\" data-elementor-id=\"24849\" class=\"elementor elementor-24849\">\n\t\t\t\t\t\t\t\t\t<section class=\"elementor-section elementor-top-section elementor-element elementor-element-93bb7fc elementor-section-boxed elementor-section-height-default elementor-section-height-default\" data-id=\"93bb7fc\" data-element_type=\"section\">\n\t\t\t\t\t\t<div class=\"elementor-container elementor-column-gap-default\">\n\t\t\t\t\t<div class=\"elementor-column elementor-col-100 elementor-top-column elementor-element elementor-element-520c977\" data-id=\"520c977\" data-element_type=\"column\">\n\t\t\t<div class=\"elementor-widget-wrap elementor-element-populated\">\n\t\t\t\t\t\t\t\t<section class=\"elementor-section elementor-inner-section elementor-element elementor-element-a2f01ec elementor-section-full_width elementor-section-height-default elementor-section-height-default\" data-id=\"a2f01ec\" data-element_type=\"section\">\n\t\t\t\t\t\t<div class=\"elementor-container elementor-column-gap-default\">\n\t\t\t\t\t<div class=\"elementor-column elementor-col-50 elementor-inner-column elementor-element elementor-element-262c0fa\" data-id=\"262c0fa\" data-element_type=\"column\">\n\t\t\t<div class=\"elementor-widget-wrap elementor-element-populated\">\n\t\t\t\t\t\t\t\t<div class=\"elementor-element elementor-element-782492f elementor-widget elementor-widget-text-editor\" data-id=\"782492f\" data-element_type=\"widget\" data-widget_type=\"text-editor.default\">\n\t\t\t\t<div class=\"elementor-widget-container\">\n\t\t\t<style>\/*! elementor - v3.11.1 - 15-02-2023 *\/\n.elementor-widget-text-editor.elementor-drop-cap-view-stacked .elementor-drop-cap{background-color:#818a91;color:#fff}.elementor-widget-text-editor.elementor-drop-cap-view-framed .elementor-drop-cap{color:#818a91;border:3px solid;background-color:transparent}.elementor-widget-text-editor:not(.elementor-drop-cap-view-default) .elementor-drop-cap{margin-top:8px}.elementor-widget-text-editor:not(.elementor-drop-cap-view-default) .elementor-drop-cap-letter{width:1em;height:1em}.elementor-widget-text-editor .elementor-drop-cap{float:left;text-align:center;line-height:1;font-size:50px}.elementor-widget-text-editor .elementor-drop-cap-letter{display:inline-block}<\/style>\t\t\t\t<p><strong>Kontakt<\/strong><\/p><p>Veronika \u010celkov\u00e1 &#8211; Redhed<\/p><p>Adresa:\u00a0 Pra\u017esk\u00e1 9013\/1\u00a0 \u00a0010 08\u00a0 \u017dilina<\/p><p>I\u010cO: 52860167\u00a0 \u00a0 \u00a0 DI\u010c: 1086670222<\/p><p>E-mail:\u00a0 \u00a0 veronikacelkova235<a href=\"mailto:veronika.amentova@gmail.com\">@gmail.com<\/a><\/p><p>Telef\u00f3n :\u00a0 \u00a00949 561 828<\/p>\t\t\t\t\t\t<\/div>\n\t\t\t\t<\/div>\n\t\t\t\t\t<\/div>\n\t\t<\/div>\n\t\t\t\t<div class=\"elementor-column elementor-col-50 elementor-inner-column elementor-element elementor-element-1539b92\" data-id=\"1539b92\" data-element_type=\"column\">\n\t\t\t<div class=\"elementor-widget-wrap elementor-element-populated\">\n\t\t\t\t\t\t\t\t<div class=\"elementor-element elementor-element-1a329d7 elementor-widget elementor-widget-text-editor\" data-id=\"1a329d7\" data-element_type=\"widget\" data-widget_type=\"text-editor.default\">\n\t\t\t\t<div class=\"elementor-widget-container\">\n\t\t\t\t\t\t\t<p style=\"text-align: center;\">Moment\u00e1lne neprij\u00edmam nov\u00e9 z\u00e1kazn\u00ed\u010dky.\u00a0<\/p>\t\t\t\t\t\t<\/div>\n\t\t\t\t<\/div>\n\t\t\t\t\t<\/div>\n\t\t<\/div>\n\t\t\t\t\t\t\t<\/div>\n\t\t<\/section>\n\t\t\t\t\t<\/div>\n\t\t<\/div>\n\t\t\t\t\t\t\t<\/div>\n\t\t<\/section>\n\t\t\t\t\t\t\t<\/div>\n\t\t","protected":false},"excerpt":{"rendered":"<p>Kontakt Veronika \u010celkov\u00e1 &#8211; Redhed Adresa:\u00a0 Pra\u017esk\u00e1 9013\/1\u00a0 \u00a0010 08\u00a0 \u017dilina I\u010cO: 52860167\u00a0 \u00a0 \u00a0 DI\u010c: 1086670222 E-mail:\u00a0 \u00a0 veronikacelkova235@gmail.com Telef\u00f3n :\u00a0 \u00a00949 561 828 Moment\u00e1lne neprij\u00edmam nov\u00e9 z\u00e1kazn\u00ed\u010dky.\u00a0<\/p>\n","protected":false},"author":1,"featured_media":0,"parent":0,"menu_order":0,"comment_status":"closed","ping_status":"closed","template":"","meta":{"_mi_skip_tracking":false,"site-sidebar-layout":"no-sidebar","site-content-layout":"page-builder","ast-main-header-display":"","ast-hfb-above-header-display":"","ast-hfb-below-header-display":"","ast-hfb-mobile-header-display":"","site-post-title":"disabled","ast-breadcrumbs-content":"","ast-featured-img":"disabled","footer-sml-layout":"","theme-transparent-header-meta":"","adv-header-id-meta":"","stick-header-meta":"","header-above-stick-meta":"","header-main-stick-meta":"","header-below-stick-meta":""},"yoast_head":"<!-- This site is optimized with the Yoast SEO plugin v19.13 - https:\/\/yoast.com\/wordpress\/plugins\/seo\/ -->\n<title>Kontakt - Nechty \u017dilina<\/title>\n<meta name=\"robots\" content=\"index, follow, max-snippet:-1, max-image-preview:large, max-video-preview:-1\" \/>\n<link rel=\"canonical\" href=\"https:\/\/www.nechtyzilina.sk\/?page_id=24849\" \/>\n<meta property=\"og:locale\" content=\"sk_SK\" \/>\n<meta property=\"og:type\" content=\"article\" \/>\n<meta property=\"og:title\" content=\"Kontakt - Nechty \u017dilina\" \/>\n<meta property=\"og:description\" content=\"Kontakt Veronika \u010celkov\u00e1 &#8211; Redhed Adresa:\u00a0 Pra\u017esk\u00e1 9013\/1\u00a0 \u00a0010 08\u00a0 \u017dilina I\u010cO: 52860167\u00a0 \u00a0 \u00a0 DI\u010c: 1086670222 E-mail:\u00a0 \u00a0 veronikacelkova235@gmail.com Telef\u00f3n :\u00a0 \u00a00949 561 828 Moment\u00e1lne neprij\u00edmam nov\u00e9 z\u00e1kazn\u00ed\u010dky.\u00a0\" \/>\n<meta property=\"og:url\" content=\"https:\/\/www.nechtyzilina.sk\/?page_id=24849\" \/>\n<meta property=\"og:site_name\" content=\"Nechty \u017dilina\" \/>\n<meta property=\"article:modified_time\" content=\"2026-01-04T18:10:23+00:00\" \/>\n<meta name=\"twitter:card\" content=\"summary_large_image\" \/>\n<meta name=\"twitter:label1\" content=\"Predpokladan\u00fd \u010das \u010d\u00edtania\" \/>\n\t<meta name=\"twitter:data1\" content=\"1 min\u00fata\" \/>\n<script type=\"application\/ld+json\" class=\"yoast-schema-graph\">{\"@context\":\"https:\/\/schema.org\",\"@graph\":[{\"@type\":\"WebPage\",\"@id\":\"https:\/\/www.nechtyzilina.sk\/?page_id=24849\",\"url\":\"https:\/\/www.nechtyzilina.sk\/?page_id=24849\",\"name\":\"Kontakt - Nechty \u017dilina\",\"isPartOf\":{\"@id\":\"https:\/\/www.nechtyzilina.sk\/#website\"},\"datePublished\":\"2022-02-07T18:04:57+00:00\",\"dateModified\":\"2026-01-04T18:10:23+00:00\",\"breadcrumb\":{\"@id\":\"https:\/\/www.nechtyzilina.sk\/?page_id=24849#breadcrumb\"},\"inLanguage\":\"sk-SK\",\"potentialAction\":[{\"@type\":\"ReadAction\",\"target\":[\"https:\/\/www.nechtyzilina.sk\/?page_id=24849\"]}]},{\"@type\":\"BreadcrumbList\",\"@id\":\"https:\/\/www.nechtyzilina.sk\/?page_id=24849#breadcrumb\",\"itemListElement\":[{\"@type\":\"ListItem\",\"position\":1,\"name\":\"Home\",\"item\":\"https:\/\/www.nechtyzilina.sk\/\"},{\"@type\":\"ListItem\",\"position\":2,\"name\":\"Kontakt\"}]},{\"@type\":\"WebSite\",\"@id\":\"https:\/\/www.nechtyzilina.sk\/#website\",\"url\":\"https:\/\/www.nechtyzilina.sk\/\",\"name\":\"Nechty \u017dilina\",\"description\":\"Kr\u00e1sne nechty s\u00fa k\u013e\u00fa\u010dom k \u017eenskosti\",\"publisher\":{\"@id\":\"https:\/\/www.nechtyzilina.sk\/#organization\"},\"potentialAction\":[{\"@type\":\"SearchAction\",\"target\":{\"@type\":\"EntryPoint\",\"urlTemplate\":\"https:\/\/www.nechtyzilina.sk\/?s={search_term_string}\"},\"query-input\":\"required name=search_term_string\"}],\"inLanguage\":\"sk-SK\"},{\"@type\":\"Organization\",\"@id\":\"https:\/\/www.nechtyzilina.sk\/#organization\",\"name\":\"Nechty \u017dilina\",\"url\":\"https:\/\/www.nechtyzilina.sk\/\",\"logo\":{\"@type\":\"ImageObject\",\"inLanguage\":\"sk-SK\",\"@id\":\"https:\/\/www.nechtyzilina.sk\/#\/schema\/logo\/image\/\",\"url\":\"https:\/\/www.nechtyzilina.sk\/wp-content\/uploads\/2021\/11\/cropped-nechtyZA-jpg-1.jpg\",\"contentUrl\":\"https:\/\/www.nechtyzilina.sk\/wp-content\/uploads\/2021\/11\/cropped-nechtyZA-jpg-1.jpg\",\"width\":1181,\"height\":363,\"caption\":\"Nechty \u017dilina\"},\"image\":{\"@id\":\"https:\/\/www.nechtyzilina.sk\/#\/schema\/logo\/image\/\"}}]}<\/script>\n<!-- \/ Yoast SEO plugin. -->","yoast_head_json":{"title":"Kontakt - Nechty \u017dilina","robots":{"index":"index","follow":"follow","max-snippet":"max-snippet:-1","max-image-preview":"max-image-preview:large","max-video-preview":"max-video-preview:-1"},"canonical":"https:\/\/www.nechtyzilina.sk\/?page_id=24849","og_locale":"sk_SK","og_type":"article","og_title":"Kontakt - Nechty \u017dilina","og_description":"Kontakt Veronika \u010celkov\u00e1 &#8211; Redhed Adresa:\u00a0 Pra\u017esk\u00e1 9013\/1\u00a0 \u00a0010 08\u00a0 \u017dilina I\u010cO: 52860167\u00a0 \u00a0 \u00a0 DI\u010c: 1086670222 E-mail:\u00a0 \u00a0 veronikacelkova235@gmail.com Telef\u00f3n :\u00a0 \u00a00949 561 828 Moment\u00e1lne neprij\u00edmam nov\u00e9 z\u00e1kazn\u00ed\u010dky.\u00a0","og_url":"https:\/\/www.nechtyzilina.sk\/?page_id=24849","og_site_name":"Nechty \u017dilina","article_modified_time":"2026-01-04T18:10:23+00:00","twitter_card":"summary_large_image","twitter_misc":{"Predpokladan\u00fd \u010das \u010d\u00edtania":"1 min\u00fata"},"schema":{"@context":"https:\/\/schema.org","@graph":[{"@type":"WebPage","@id":"https:\/\/www.nechtyzilina.sk\/?page_id=24849","url":"https:\/\/www.nechtyzilina.sk\/?page_id=24849","name":"Kontakt - Nechty \u017dilina","isPartOf":{"@id":"https:\/\/www.nechtyzilina.sk\/#website"},"datePublished":"2022-02-07T18:04:57+00:00","dateModified":"2026-01-04T18:10:23+00:00","breadcrumb":{"@id":"https:\/\/www.nechtyzilina.sk\/?page_id=24849#breadcrumb"},"inLanguage":"sk-SK","potentialAction":[{"@type":"ReadAction","target":["https:\/\/www.nechtyzilina.sk\/?page_id=24849"]}]},{"@type":"BreadcrumbList","@id":"https:\/\/www.nechtyzilina.sk\/?page_id=24849#breadcrumb","itemListElement":[{"@type":"ListItem","position":1,"name":"Home","item":"https:\/\/www.nechtyzilina.sk\/"},{"@type":"ListItem","position":2,"name":"Kontakt"}]},{"@type":"WebSite","@id":"https:\/\/www.nechtyzilina.sk\/#website","url":"https:\/\/www.nechtyzilina.sk\/","name":"Nechty \u017dilina","description":"Kr\u00e1sne nechty s\u00fa k\u013e\u00fa\u010dom k \u017eenskosti","publisher":{"@id":"https:\/\/www.nechtyzilina.sk\/#organization"},"potentialAction":[{"@type":"SearchAction","target":{"@type":"EntryPoint","urlTemplate":"https:\/\/www.nechtyzilina.sk\/?s={search_term_string}"},"query-input":"required name=search_term_string"}],"inLanguage":"sk-SK"},{"@type":"Organization","@id":"https:\/\/www.nechtyzilina.sk\/#organization","name":"Nechty \u017dilina","url":"https:\/\/www.nechtyzilina.sk\/","logo":{"@type":"ImageObject","inLanguage":"sk-SK","@id":"https:\/\/www.nechtyzilina.sk\/#\/schema\/logo\/image\/","url":"https:\/\/www.nechtyzilina.sk\/wp-content\/uploads\/2021\/11\/cropped-nechtyZA-jpg-1.jpg","contentUrl":"https:\/\/www.nechtyzilina.sk\/wp-content\/uploads\/2021\/11\/cropped-nechtyZA-jpg-1.jpg","width":1181,"height":363,"caption":"Nechty \u017dilina"},"image":{"@id":"https:\/\/www.nechtyzilina.sk\/#\/schema\/logo\/image\/"}}]}},"_links":{"self":[{"href":"https:\/\/www.nechtyzilina.sk\/index.php?rest_route=\/wp\/v2\/pages\/24849"}],"collection":[{"href":"https:\/\/www.nechtyzilina.sk\/index.php?rest_route=\/wp\/v2\/pages"}],"about":[{"href":"https:\/\/www.nechtyzilina.sk\/index.php?rest_route=\/wp\/v2\/types\/page"}],"author":[{"embeddable":true,"href":"https:\/\/www.nechtyzilina.sk\/index.php?rest_route=\/wp\/v2\/users\/1"}],"replies":[{"embeddable":true,"href":"https:\/\/www.nechtyzilina.sk\/index.php?rest_route=%2Fwp%2Fv2%2Fcomments&post=24849"}],"version-history":[{"count":6,"href":"https:\/\/www.nechtyzilina.sk\/index.php?rest_route=\/wp\/v2\/pages\/24849\/revisions"}],"predecessor-version":[{"id":25051,"href":"https:\/\/www.nechtyzilina.sk\/index.php?rest_route=\/wp\/v2\/pages\/24849\/revisions\/25051"}],"wp:attachment":[{"href":"https:\/\/www.nechtyzilina.sk\/index.php?rest_route=%2Fwp%2Fv2%2Fmedia&parent=24849"}],"curies":[{"name":"wp","href":"https:\/\/api.w.org\/{rel}","templated":true}]}}