{"id":24462,"date":"2020-10-07T04:43:41","date_gmt":"2020-10-07T02:43:41","guid":{"rendered":"https:\/\/www.nechtyzilina.sk\/?page_id=24462"},"modified":"2024-06-16T21:59:43","modified_gmt":"2024-06-16T19:59:43","slug":"domov","status":"publish","type":"page","link":"https:\/\/www.nechtyzilina.sk\/","title":{"rendered":"Domov"},"content":{"rendered":"\t\t<div data-elementor-type=\"wp-page\" data-elementor-id=\"24462\" class=\"elementor elementor-24462\">\n\t\t\t\t\t\t\t\t\t<section class=\"elementor-section elementor-top-section elementor-element elementor-element-14bc7ab elementor-section-content-top elementor-section-boxed elementor-section-height-default elementor-section-height-default\" data-id=\"14bc7ab\" data-element_type=\"section\" data-settings=\"{&quot;background_background&quot;:&quot;video&quot;,&quot;background_video_link&quot;:&quot;https:\\\/\\\/www.youtube.com\\\/watch?v=W1nyaqD9OiE&amp;t=3s&amp;ab_channel=Veronika%C4%8Celkov%C3%A1&quot;,&quot;background_play_on_mobile&quot;:&quot;yes&quot;}\">\n\t\t\t\t\t\t\t\t<div class=\"elementor-background-video-container\">\n\t\t\t\t\t\t\t\t\t\t\t\t\t<div class=\"elementor-background-video-embed\"><\/div>\n\t\t\t\t\t\t\t\t\t\t\t\t<\/div>\n\t\t\t\t\t\t\t\t\t<div class=\"elementor-background-overlay\"><\/div>\n\t\t\t\t\t\t\t<div class=\"elementor-container elementor-column-gap-no\">\n\t\t\t\t\t<div class=\"elementor-column elementor-col-100 elementor-top-column elementor-element elementor-element-8373266\" data-id=\"8373266\" data-element_type=\"column\">\n\t\t\t<div class=\"elementor-widget-wrap\">\n\t\t\t\t\t\t\t\t\t<\/div>\n\t\t<\/div>\n\t\t\t\t\t\t\t<\/div>\n\t\t<\/section>\n\t\t\t\t<section class=\"elementor-section elementor-top-section elementor-element elementor-element-3363dfe elementor-section-boxed elementor-section-height-default elementor-section-height-default\" data-id=\"3363dfe\" data-element_type=\"section\">\n\t\t\t\t\t\t<div class=\"elementor-container elementor-column-gap-default\">\n\t\t\t\t\t<div class=\"elementor-column elementor-col-50 elementor-top-column elementor-element elementor-element-f12900d\" data-id=\"f12900d\" data-element_type=\"column\">\n\t\t\t<div class=\"elementor-widget-wrap elementor-element-populated\">\n\t\t\t\t\t\t\t\t<div class=\"elementor-element elementor-element-149c512 elementor-widget elementor-widget-heading\" data-id=\"149c512\" data-element_type=\"widget\" data-widget_type=\"heading.default\">\n\t\t\t\t<div class=\"elementor-widget-container\">\n\t\t\t<style>\/*! elementor - v3.11.1 - 15-02-2023 *\/\n.elementor-heading-title{padding:0;margin:0;line-height:1}.elementor-widget-heading .elementor-heading-title[class*=elementor-size-]>a{color:inherit;font-size:inherit;line-height:inherit}.elementor-widget-heading .elementor-heading-title.elementor-size-small{font-size:15px}.elementor-widget-heading .elementor-heading-title.elementor-size-medium{font-size:19px}.elementor-widget-heading .elementor-heading-title.elementor-size-large{font-size:29px}.elementor-widget-heading .elementor-heading-title.elementor-size-xl{font-size:39px}.elementor-widget-heading .elementor-heading-title.elementor-size-xxl{font-size:59px}<\/style><h1 class=\"elementor-heading-title elementor-size-medium\">\"Kr\u00e1sne nechty<br> s\u00fa k\u013e\u00fa\u010dom k \u017eenskosti\"<\/h1>\t\t<\/div>\n\t\t\t\t<\/div>\n\t\t\t\t<div class=\"elementor-element elementor-element-e7de02a elementor-widget elementor-widget-text-editor\" data-id=\"e7de02a\" data-element_type=\"widget\" data-widget_type=\"text-editor.default\">\n\t\t\t\t<div class=\"elementor-widget-container\">\n\t\t\t<style>\/*! elementor - v3.11.1 - 15-02-2023 *\/\n.elementor-widget-text-editor.elementor-drop-cap-view-stacked .elementor-drop-cap{background-color:#818a91;color:#fff}.elementor-widget-text-editor.elementor-drop-cap-view-framed .elementor-drop-cap{color:#818a91;border:3px solid;background-color:transparent}.elementor-widget-text-editor:not(.elementor-drop-cap-view-default) .elementor-drop-cap{margin-top:8px}.elementor-widget-text-editor:not(.elementor-drop-cap-view-default) .elementor-drop-cap-letter{width:1em;height:1em}.elementor-widget-text-editor .elementor-drop-cap{float:left;text-align:center;line-height:1;font-size:50px}.elementor-widget-text-editor .elementor-drop-cap-letter{display:inline-block}<\/style>\t\t\t\t<p>Som manik\u00e9rka Veronika.<\/p>\n<p>Na za\u010diatku cel\u00e9ho pr\u00edbehu o tom, ako sa mo\u017eno spozn\u00e1me, bola v\u00e1\u0161e\u0148. Ve\u013emi mi z\u00e1le\u017ealo na pekne upraven\u00fdch nechtoch.<\/p>\n<p>Jedn\u00e9ho d\u0148a som sa odhodlala na \u0161t\u00fadium nechtov\u00e9ho dizajnu. Uc\u00edtila som, \u017ee m\u00e1m na t\u00fato pr\u00e1cu dobr\u00fd predpoklad. Dnes ma v tomto pocite uis\u0165uj\u00fa moje spokojn\u00e9 z\u00e1kazn\u00ed\u010dky.&nbsp;<\/p>\n<p>Mojim cie\u013eom je vytv\u00e1ra\u0165 kr\u00e1sne a zdrav\u00e9 nechty to\u013ek\u00fdm \u017een\u00e1m, ko\u013ek\u00fdm budem schopn\u00e1. Moment\u00e1lne v\u0161ak neberiem \u017eiadne nov\u00e9 z\u00e1kazn\u00ed\u010dky.&nbsp;<\/p>\t\t\t\t\t\t<\/div>\n\t\t\t\t<\/div>\n\t\t\t\t\t<\/div>\n\t\t<\/div>\n\t\t\t\t<div class=\"elementor-column elementor-col-50 elementor-top-column elementor-element elementor-element-fd63b64\" data-id=\"fd63b64\" data-element_type=\"column\">\n\t\t\t<div class=\"elementor-widget-wrap elementor-element-populated\">\n\t\t\t\t\t\t\t\t<div class=\"elementor-element elementor-element-4c25e9a elementor-widget elementor-widget-image\" data-id=\"4c25e9a\" data-element_type=\"widget\" data-widget_type=\"image.default\">\n\t\t\t\t<div class=\"elementor-widget-container\">\n\t\t\t<style>\/*! elementor - v3.11.1 - 15-02-2023 *\/\n.elementor-widget-image{text-align:center}.elementor-widget-image a{display:inline-block}.elementor-widget-image a img[src$=\".svg\"]{width:48px}.elementor-widget-image img{vertical-align:middle;display:inline-block}<\/style>\t\t\t\t\t\t\t\t\t\t\t\t<img width=\"769\" height=\"1024\" src=\"https:\/\/www.nechtyzilina.sk\/wp-content\/uploads\/2022\/01\/IMG_2782-769x1024.jpeg\" class=\"attachment-large size-large wp-image-24512\" alt=\"\" loading=\"lazy\" srcset=\"https:\/\/www.nechtyzilina.sk\/wp-content\/uploads\/2022\/01\/IMG_2782-769x1024.jpeg 769w, https:\/\/www.nechtyzilina.sk\/wp-content\/uploads\/2022\/01\/IMG_2782-225x300.jpeg 225w, https:\/\/www.nechtyzilina.sk\/wp-content\/uploads\/2022\/01\/IMG_2782-768x1022.jpeg 768w, https:\/\/www.nechtyzilina.sk\/wp-content\/uploads\/2022\/01\/IMG_2782-1154x1536.jpeg 1154w, https:\/\/www.nechtyzilina.sk\/wp-content\/uploads\/2022\/01\/IMG_2782.jpeg 1537w\" sizes=\"(max-width: 769px) 100vw, 769px\" \/>\t\t\t\t\t\t\t\t\t\t\t\t\t\t\t<\/div>\n\t\t\t\t<\/div>\n\t\t\t\t\t<\/div>\n\t\t<\/div>\n\t\t\t\t\t\t\t<\/div>\n\t\t<\/section>\n\t\t\t\t<section class=\"elementor-section elementor-top-section elementor-element elementor-element-9fb2af4 elementor-section-content-middle elementor-section-boxed elementor-section-height-default elementor-section-height-default\" data-id=\"9fb2af4\" data-element_type=\"section\">\n\t\t\t\t\t\t<div class=\"elementor-container elementor-column-gap-no\">\n\t\t\t\t\t<div class=\"elementor-column elementor-col-25 elementor-top-column elementor-element elementor-element-f0cd5e7\" data-id=\"f0cd5e7\" data-element_type=\"column\">\n\t\t\t<div class=\"elementor-widget-wrap elementor-element-populated\">\n\t\t\t\t\t\t\t\t<div class=\"elementor-element elementor-element-3648239 elementor-widget elementor-widget-image\" data-id=\"3648239\" data-element_type=\"widget\" data-widget_type=\"image.default\">\n\t\t\t\t<div class=\"elementor-widget-container\">\n\t\t\t\t\t\t\t\t\t\t\t\t\t\t\t<img width=\"1181\" height=\"363\" src=\"https:\/\/www.nechtyzilina.sk\/wp-content\/uploads\/2021\/11\/nechtyZA-jpg-1.jpg\" class=\"attachment-full size-full wp-image-24467\" alt=\"\" loading=\"lazy\" srcset=\"https:\/\/www.nechtyzilina.sk\/wp-content\/uploads\/2021\/11\/nechtyZA-jpg-1.jpg 1181w, https:\/\/www.nechtyzilina.sk\/wp-content\/uploads\/2021\/11\/nechtyZA-jpg-1-300x92.jpg 300w, https:\/\/www.nechtyzilina.sk\/wp-content\/uploads\/2021\/11\/nechtyZA-jpg-1-1024x315.jpg 1024w, https:\/\/www.nechtyzilina.sk\/wp-content\/uploads\/2021\/11\/nechtyZA-jpg-1-768x236.jpg 768w\" sizes=\"(max-width: 1181px) 100vw, 1181px\" \/>\t\t\t\t\t\t\t\t\t\t\t\t\t\t\t<\/div>\n\t\t\t\t<\/div>\n\t\t\t\t\t<\/div>\n\t\t<\/div>\n\t\t\t\t<div class=\"elementor-column elementor-col-25 elementor-top-column elementor-element elementor-element-3dcad2e\" data-id=\"3dcad2e\" data-element_type=\"column\">\n\t\t\t<div class=\"elementor-widget-wrap elementor-element-populated\">\n\t\t\t\t\t\t\t\t<div class=\"elementor-element elementor-element-7a4fe35 elementor-widget elementor-widget-image\" data-id=\"7a4fe35\" data-element_type=\"widget\" data-widget_type=\"image.default\">\n\t\t\t\t<div class=\"elementor-widget-container\">\n\t\t\t\t\t\t\t\t\t\t\t\t\t\t\t<img width=\"342\" height=\"138\" src=\"https:\/\/www.nechtyzilina.sk\/wp-content\/uploads\/2023\/06\/robynails.png\" class=\"attachment-large size-large wp-image-25009\" alt=\"\" loading=\"lazy\" srcset=\"https:\/\/www.nechtyzilina.sk\/wp-content\/uploads\/2023\/06\/robynails.png 342w, https:\/\/www.nechtyzilina.sk\/wp-content\/uploads\/2023\/06\/robynails-300x121.png 300w\" sizes=\"(max-width: 342px) 100vw, 342px\" \/>\t\t\t\t\t\t\t\t\t\t\t\t\t\t\t<\/div>\n\t\t\t\t<\/div>\n\t\t\t\t\t<\/div>\n\t\t<\/div>\n\t\t\t\t<div class=\"elementor-column elementor-col-25 elementor-top-column elementor-element elementor-element-8e3da79\" data-id=\"8e3da79\" data-element_type=\"column\">\n\t\t\t<div class=\"elementor-widget-wrap elementor-element-populated\">\n\t\t\t\t\t\t\t\t<div class=\"elementor-element elementor-element-d176e52 elementor-widget elementor-widget-image\" data-id=\"d176e52\" data-element_type=\"widget\" data-widget_type=\"image.default\">\n\t\t\t\t<div class=\"elementor-widget-container\">\n\t\t\t\t\t\t\t\t\t\t\t\t\t\t\t<img width=\"558\" height=\"225\" src=\"https:\/\/www.nechtyzilina.sk\/wp-content\/uploads\/2022\/02\/2022-02-06-2.png\" class=\"attachment-large size-large wp-image-24680\" alt=\"\" loading=\"lazy\" srcset=\"https:\/\/www.nechtyzilina.sk\/wp-content\/uploads\/2022\/02\/2022-02-06-2.png 558w, https:\/\/www.nechtyzilina.sk\/wp-content\/uploads\/2022\/02\/2022-02-06-2-300x121.png 300w\" sizes=\"(max-width: 558px) 100vw, 558px\" \/>\t\t\t\t\t\t\t\t\t\t\t\t\t\t\t<\/div>\n\t\t\t\t<\/div>\n\t\t\t\t\t<\/div>\n\t\t<\/div>\n\t\t\t\t<div class=\"elementor-column elementor-col-25 elementor-top-column elementor-element elementor-element-0692e6b\" data-id=\"0692e6b\" data-element_type=\"column\">\n\t\t\t<div class=\"elementor-widget-wrap elementor-element-populated\">\n\t\t\t\t\t\t\t\t<div class=\"elementor-element elementor-element-1e4ee52 elementor-widget elementor-widget-image\" data-id=\"1e4ee52\" data-element_type=\"widget\" data-widget_type=\"image.default\">\n\t\t\t\t<div class=\"elementor-widget-container\">\n\t\t\t\t\t\t\t\t\t\t\t\t\t\t\t<img width=\"346\" height=\"419\" src=\"https:\/\/www.nechtyzilina.sk\/wp-content\/uploads\/2023\/06\/Bez-nazvu.jpg\" class=\"attachment-large size-large wp-image-25011\" alt=\"\" loading=\"lazy\" srcset=\"https:\/\/www.nechtyzilina.sk\/wp-content\/uploads\/2023\/06\/Bez-nazvu.jpg 346w, https:\/\/www.nechtyzilina.sk\/wp-content\/uploads\/2023\/06\/Bez-nazvu-248x300.jpg 248w\" sizes=\"(max-width: 346px) 100vw, 346px\" \/>\t\t\t\t\t\t\t\t\t\t\t\t\t\t\t<\/div>\n\t\t\t\t<\/div>\n\t\t\t\t\t<\/div>\n\t\t<\/div>\n\t\t\t\t\t\t\t<\/div>\n\t\t<\/section>\n\t\t\t\t<section class=\"elementor-section elementor-top-section elementor-element elementor-element-f9c01c1 elementor-section-boxed elementor-section-height-default elementor-section-height-default\" data-id=\"f9c01c1\" data-element_type=\"section\">\n\t\t\t\t\t\t<div class=\"elementor-container elementor-column-gap-default\">\n\t\t\t\t\t<div class=\"elementor-column elementor-col-100 elementor-top-column elementor-element elementor-element-c7d4b8e\" data-id=\"c7d4b8e\" data-element_type=\"column\">\n\t\t\t<div class=\"elementor-widget-wrap elementor-element-populated\">\n\t\t\t\t\t\t\t\t<div class=\"elementor-element elementor-element-95173bd elementor-widget elementor-widget-heading\" data-id=\"95173bd\" data-element_type=\"widget\" data-widget_type=\"heading.default\">\n\t\t\t\t<div class=\"elementor-widget-container\">\n\t\t\t<h2 class=\"elementor-heading-title elementor-size-default\">Recenzie<\/h2>\t\t<\/div>\n\t\t\t\t<\/div>\n\t\t\t\t<div class=\"elementor-element elementor-element-f8f49f8 elementor-widget elementor-widget-shortcode\" data-id=\"f8f49f8\" data-element_type=\"widget\" data-widget_type=\"shortcode.default\">\n\t\t\t\t<div class=\"elementor-widget-container\">\n\t\t\t\t\t<div class=\"elementor-shortcode\"><div style='margin:20px 0px; padding:10px; color: #721c24; background-color: #f8d7da; border-color: #f5c6cb; border-radius: 5px;'><span class='dashicons dashicons-info'><\/span> <strong>ERROR<\/strong><br \/>CSS s\u00fabor nemohol ulo\u017ei\u0165.<\/div><\/div>\n\t\t\t\t<\/div>\n\t\t\t\t<\/div>\n\t\t\t\t\t<\/div>\n\t\t<\/div>\n\t\t\t\t\t\t\t<\/div>\n\t\t<\/section>\n\t\t\t\t<section class=\"elementor-section elementor-top-section elementor-element elementor-element-88301f0 elementor-section-boxed elementor-section-height-default elementor-section-height-default\" data-id=\"88301f0\" data-element_type=\"section\">\n\t\t\t\t\t\t<div class=\"elementor-container elementor-column-gap-default\">\n\t\t\t\t\t<div class=\"elementor-column elementor-col-100 elementor-top-column elementor-element elementor-element-41f28e8\" data-id=\"41f28e8\" data-element_type=\"column\">\n\t\t\t<div class=\"elementor-widget-wrap elementor-element-populated\">\n\t\t\t\t\t\t\t\t<div class=\"elementor-element elementor-element-7780cae elementor-widget elementor-widget-google_maps\" data-id=\"7780cae\" data-element_type=\"widget\" data-widget_type=\"google_maps.default\">\n\t\t\t\t<div class=\"elementor-widget-container\">\n\t\t\t<style>\/*! elementor - v3.11.1 - 15-02-2023 *\/\n.elementor-widget-google_maps .elementor-widget-container{overflow:hidden}.elementor-widget-google_maps .elementor-custom-embed{line-height:0}.elementor-widget-google_maps iframe{height:300px}<\/style>\t\t<div class=\"elementor-custom-embed\">\n\t\t\t<iframe loading=\"lazy\"\n\t\t\t\t\tsrc=\"https:\/\/maps.google.com\/maps?q=Doln%C3%BD%20val%205%2C%20%C5%BDilina&#038;t=m&#038;z=17&#038;output=embed&#038;iwloc=near\"\n\t\t\t\t\ttitle=\"Doln\u00fd val 5, \u017dilina\"\n\t\t\t\t\taria-label=\"Doln\u00fd val 5, \u017dilina\"\n\t\t\t><\/iframe>\n\t\t<\/div>\n\t\t\t\t<\/div>\n\t\t\t\t<\/div>\n\t\t\t\t\t<\/div>\n\t\t<\/div>\n\t\t\t\t\t\t\t<\/div>\n\t\t<\/section>\n\t\t\t\t<section class=\"elementor-section elementor-top-section elementor-element elementor-element-a6b4042 elementor-section-boxed elementor-section-height-default elementor-section-height-default\" data-id=\"a6b4042\" data-element_type=\"section\">\n\t\t\t\t\t\t<div class=\"elementor-container elementor-column-gap-default\">\n\t\t\t\t\t<div class=\"elementor-column elementor-col-100 elementor-top-column elementor-element elementor-element-572090c\" data-id=\"572090c\" data-element_type=\"column\">\n\t\t\t<div class=\"elementor-widget-wrap elementor-element-populated\">\n\t\t\t\t\t\t\t\t<div class=\"elementor-element elementor-element-ab1eb68 elementor-widget elementor-widget-image\" data-id=\"ab1eb68\" data-element_type=\"widget\" data-widget_type=\"image.default\">\n\t\t\t\t<div class=\"elementor-widget-container\">\n\t\t\t\t\t\t\t\t\t\t\t\t\t\t\t<img width=\"1024\" height=\"759\" src=\"https:\/\/www.nechtyzilina.sk\/wp-content\/uploads\/2022\/02\/IMG_4845s.jpg\" class=\"attachment-large size-large wp-image-24784\" alt=\"\" loading=\"lazy\" srcset=\"https:\/\/www.nechtyzilina.sk\/wp-content\/uploads\/2022\/02\/IMG_4845s.jpg 1024w, https:\/\/www.nechtyzilina.sk\/wp-content\/uploads\/2022\/02\/IMG_4845s-300x222.jpg 300w, https:\/\/www.nechtyzilina.sk\/wp-content\/uploads\/2022\/02\/IMG_4845s-768x569.jpg 768w\" sizes=\"(max-width: 1024px) 100vw, 1024px\" \/>\t\t\t\t\t\t\t\t\t\t\t\t\t\t\t<\/div>\n\t\t\t\t<\/div>\n\t\t\t\t\t<\/div>\n\t\t<\/div>\n\t\t\t\t\t\t\t<\/div>\n\t\t<\/section>\n\t\t\t\t\t\t\t<\/div>\n\t\t","protected":false},"excerpt":{"rendered":"<p>&#8222;Kr\u00e1sne nechty s\u00fa k\u013e\u00fa\u010dom k \u017eenskosti&#8220; Som manik\u00e9rka Veronika. Na za\u010diatku cel\u00e9ho pr\u00edbehu o tom, ako sa mo\u017eno spozn\u00e1me, bola v\u00e1\u0161e\u0148. Ve\u013emi mi z\u00e1le\u017ealo na pekne upraven\u00fdch nechtoch. Jedn\u00e9ho d\u0148a som sa odhodlala na \u0161t\u00fadium nechtov\u00e9ho dizajnu. Uc\u00edtila som, \u017ee m\u00e1m na t\u00fato pr\u00e1cu dobr\u00fd predpoklad. Dnes ma v tomto pocite uis\u0165uj\u00fa moje spokojn\u00e9 z\u00e1kazn\u00ed\u010dky.&nbsp; &hellip;<\/p>\n<p class=\"read-more\"> <a class=\"\" href=\"https:\/\/www.nechtyzilina.sk\/\"> <span class=\"screen-reader-text\">Domov<\/span> \u010c\u00edtajte viac &raquo;<\/a><\/p>\n","protected":false},"author":1,"featured_media":0,"parent":0,"menu_order":0,"comment_status":"closed","ping_status":"closed","template":"","meta":{"_mi_skip_tracking":false,"site-sidebar-layout":"no-sidebar","site-content-layout":"page-builder","ast-main-header-display":"","ast-hfb-above-header-display":"","ast-hfb-below-header-display":"","ast-hfb-mobile-header-display":"","site-post-title":"disabled","ast-breadcrumbs-content":"","ast-featured-img":"disabled","footer-sml-layout":"","theme-transparent-header-meta":"default","adv-header-id-meta":"","stick-header-meta":"","header-above-stick-meta":"","header-main-stick-meta":"","header-below-stick-meta":""},"yoast_head":"<!-- This site is optimized with the Yoast SEO plugin v19.13 - https:\/\/yoast.com\/wordpress\/plugins\/seo\/ -->\n<title>Domov - Nechty \u017dilina<\/title>\n<meta name=\"robots\" content=\"index, follow, max-snippet:-1, max-image-preview:large, max-video-preview:-1\" \/>\n<link rel=\"canonical\" href=\"https:\/\/www.nechtyzilina.sk\/\" \/>\n<meta property=\"og:locale\" content=\"sk_SK\" \/>\n<meta property=\"og:type\" content=\"article\" \/>\n<meta property=\"og:title\" content=\"Domov - Nechty \u017dilina\" \/>\n<meta property=\"og:description\" content=\"&#8222;Kr\u00e1sne nechty s\u00fa k\u013e\u00fa\u010dom k \u017eenskosti&#8220; Som manik\u00e9rka Veronika. Na za\u010diatku cel\u00e9ho pr\u00edbehu o tom, ako sa mo\u017eno spozn\u00e1me, bola v\u00e1\u0161e\u0148. Ve\u013emi mi z\u00e1le\u017ealo na pekne upraven\u00fdch nechtoch. Jedn\u00e9ho d\u0148a som sa odhodlala na \u0161t\u00fadium nechtov\u00e9ho dizajnu. Uc\u00edtila som, \u017ee m\u00e1m na t\u00fato pr\u00e1cu dobr\u00fd predpoklad. Dnes ma v tomto pocite uis\u0165uj\u00fa moje spokojn\u00e9 z\u00e1kazn\u00ed\u010dky.&nbsp; &hellip; Domov \u010c\u00edtajte viac &raquo;\" \/>\n<meta property=\"og:url\" content=\"https:\/\/www.nechtyzilina.sk\/\" \/>\n<meta property=\"og:site_name\" content=\"Nechty \u017dilina\" \/>\n<meta property=\"article:modified_time\" content=\"2024-06-16T19:59:43+00:00\" \/>\n<meta property=\"og:image\" content=\"https:\/\/www.nechtyzilina.sk\/wp-content\/uploads\/2022\/01\/IMG_2782-769x1024.jpeg\" \/>\n<meta name=\"twitter:card\" content=\"summary_large_image\" \/>\n<meta name=\"twitter:label1\" content=\"Predpokladan\u00fd \u010das \u010d\u00edtania\" \/>\n\t<meta name=\"twitter:data1\" content=\"2 min\u00faty\" \/>\n<script type=\"application\/ld+json\" class=\"yoast-schema-graph\">{\"@context\":\"https:\/\/schema.org\",\"@graph\":[{\"@type\":\"WebPage\",\"@id\":\"https:\/\/www.nechtyzilina.sk\/\",\"url\":\"https:\/\/www.nechtyzilina.sk\/\",\"name\":\"Domov - Nechty \u017dilina\",\"isPartOf\":{\"@id\":\"https:\/\/www.nechtyzilina.sk\/#website\"},\"datePublished\":\"2020-10-07T02:43:41+00:00\",\"dateModified\":\"2024-06-16T19:59:43+00:00\",\"breadcrumb\":{\"@id\":\"https:\/\/www.nechtyzilina.sk\/#breadcrumb\"},\"inLanguage\":\"sk-SK\",\"potentialAction\":[{\"@type\":\"ReadAction\",\"target\":[\"https:\/\/www.nechtyzilina.sk\/\"]}]},{\"@type\":\"BreadcrumbList\",\"@id\":\"https:\/\/www.nechtyzilina.sk\/#breadcrumb\",\"itemListElement\":[{\"@type\":\"ListItem\",\"position\":1,\"name\":\"Home\",\"item\":\"https:\/\/www.nechtyzilina.sk\/\"},{\"@type\":\"ListItem\",\"position\":2,\"name\":\"Domov\"}]},{\"@type\":\"WebSite\",\"@id\":\"https:\/\/www.nechtyzilina.sk\/#website\",\"url\":\"https:\/\/www.nechtyzilina.sk\/\",\"name\":\"Nechty \u017dilina\",\"description\":\"Kr\u00e1sne nechty s\u00fa k\u013e\u00fa\u010dom k \u017eenskosti\",\"publisher\":{\"@id\":\"https:\/\/www.nechtyzilina.sk\/#organization\"},\"potentialAction\":[{\"@type\":\"SearchAction\",\"target\":{\"@type\":\"EntryPoint\",\"urlTemplate\":\"https:\/\/www.nechtyzilina.sk\/?s={search_term_string}\"},\"query-input\":\"required name=search_term_string\"}],\"inLanguage\":\"sk-SK\"},{\"@type\":\"Organization\",\"@id\":\"https:\/\/www.nechtyzilina.sk\/#organization\",\"name\":\"Nechty \u017dilina\",\"url\":\"https:\/\/www.nechtyzilina.sk\/\",\"logo\":{\"@type\":\"ImageObject\",\"inLanguage\":\"sk-SK\",\"@id\":\"https:\/\/www.nechtyzilina.sk\/#\/schema\/logo\/image\/\",\"url\":\"https:\/\/www.nechtyzilina.sk\/wp-content\/uploads\/2021\/11\/cropped-nechtyZA-jpg-1.jpg\",\"contentUrl\":\"https:\/\/www.nechtyzilina.sk\/wp-content\/uploads\/2021\/11\/cropped-nechtyZA-jpg-1.jpg\",\"width\":1181,\"height\":363,\"caption\":\"Nechty \u017dilina\"},\"image\":{\"@id\":\"https:\/\/www.nechtyzilina.sk\/#\/schema\/logo\/image\/\"}}]}<\/script>\n<!-- \/ Yoast SEO plugin. -->","yoast_head_json":{"title":"Domov - Nechty \u017dilina","robots":{"index":"index","follow":"follow","max-snippet":"max-snippet:-1","max-image-preview":"max-image-preview:large","max-video-preview":"max-video-preview:-1"},"canonical":"https:\/\/www.nechtyzilina.sk\/","og_locale":"sk_SK","og_type":"article","og_title":"Domov - Nechty \u017dilina","og_description":"&#8222;Kr\u00e1sne nechty s\u00fa k\u013e\u00fa\u010dom k \u017eenskosti&#8220; Som manik\u00e9rka Veronika. Na za\u010diatku cel\u00e9ho pr\u00edbehu o tom, ako sa mo\u017eno spozn\u00e1me, bola v\u00e1\u0161e\u0148. Ve\u013emi mi z\u00e1le\u017ealo na pekne upraven\u00fdch nechtoch. Jedn\u00e9ho d\u0148a som sa odhodlala na \u0161t\u00fadium nechtov\u00e9ho dizajnu. Uc\u00edtila som, \u017ee m\u00e1m na t\u00fato pr\u00e1cu dobr\u00fd predpoklad. Dnes ma v tomto pocite uis\u0165uj\u00fa moje spokojn\u00e9 z\u00e1kazn\u00ed\u010dky.&nbsp; &hellip; Domov \u010c\u00edtajte viac &raquo;","og_url":"https:\/\/www.nechtyzilina.sk\/","og_site_name":"Nechty \u017dilina","article_modified_time":"2024-06-16T19:59:43+00:00","og_image":[{"url":"https:\/\/www.nechtyzilina.sk\/wp-content\/uploads\/2022\/01\/IMG_2782-769x1024.jpeg"}],"twitter_card":"summary_large_image","twitter_misc":{"Predpokladan\u00fd \u010das \u010d\u00edtania":"2 min\u00faty"},"schema":{"@context":"https:\/\/schema.org","@graph":[{"@type":"WebPage","@id":"https:\/\/www.nechtyzilina.sk\/","url":"https:\/\/www.nechtyzilina.sk\/","name":"Domov - Nechty \u017dilina","isPartOf":{"@id":"https:\/\/www.nechtyzilina.sk\/#website"},"datePublished":"2020-10-07T02:43:41+00:00","dateModified":"2024-06-16T19:59:43+00:00","breadcrumb":{"@id":"https:\/\/www.nechtyzilina.sk\/#breadcrumb"},"inLanguage":"sk-SK","potentialAction":[{"@type":"ReadAction","target":["https:\/\/www.nechtyzilina.sk\/"]}]},{"@type":"BreadcrumbList","@id":"https:\/\/www.nechtyzilina.sk\/#breadcrumb","itemListElement":[{"@type":"ListItem","position":1,"name":"Home","item":"https:\/\/www.nechtyzilina.sk\/"},{"@type":"ListItem","position":2,"name":"Domov"}]},{"@type":"WebSite","@id":"https:\/\/www.nechtyzilina.sk\/#website","url":"https:\/\/www.nechtyzilina.sk\/","name":"Nechty \u017dilina","description":"Kr\u00e1sne nechty s\u00fa k\u013e\u00fa\u010dom k \u017eenskosti","publisher":{"@id":"https:\/\/www.nechtyzilina.sk\/#organization"},"potentialAction":[{"@type":"SearchAction","target":{"@type":"EntryPoint","urlTemplate":"https:\/\/www.nechtyzilina.sk\/?s={search_term_string}"},"query-input":"required name=search_term_string"}],"inLanguage":"sk-SK"},{"@type":"Organization","@id":"https:\/\/www.nechtyzilina.sk\/#organization","name":"Nechty \u017dilina","url":"https:\/\/www.nechtyzilina.sk\/","logo":{"@type":"ImageObject","inLanguage":"sk-SK","@id":"https:\/\/www.nechtyzilina.sk\/#\/schema\/logo\/image\/","url":"https:\/\/www.nechtyzilina.sk\/wp-content\/uploads\/2021\/11\/cropped-nechtyZA-jpg-1.jpg","contentUrl":"https:\/\/www.nechtyzilina.sk\/wp-content\/uploads\/2021\/11\/cropped-nechtyZA-jpg-1.jpg","width":1181,"height":363,"caption":"Nechty \u017dilina"},"image":{"@id":"https:\/\/www.nechtyzilina.sk\/#\/schema\/logo\/image\/"}}]}},"_links":{"self":[{"href":"https:\/\/www.nechtyzilina.sk\/index.php?rest_route=\/wp\/v2\/pages\/24462"}],"collection":[{"href":"https:\/\/www.nechtyzilina.sk\/index.php?rest_route=\/wp\/v2\/pages"}],"about":[{"href":"https:\/\/www.nechtyzilina.sk\/index.php?rest_route=\/wp\/v2\/types\/page"}],"author":[{"embeddable":true,"href":"https:\/\/www.nechtyzilina.sk\/index.php?rest_route=\/wp\/v2\/users\/1"}],"replies":[{"embeddable":true,"href":"https:\/\/www.nechtyzilina.sk\/index.php?rest_route=%2Fwp%2Fv2%2Fcomments&post=24462"}],"version-history":[{"count":7,"href":"https:\/\/www.nechtyzilina.sk\/index.php?rest_route=\/wp\/v2\/pages\/24462\/revisions"}],"predecessor-version":[{"id":25045,"href":"https:\/\/www.nechtyzilina.sk\/index.php?rest_route=\/wp\/v2\/pages\/24462\/revisions\/25045"}],"wp:attachment":[{"href":"https:\/\/www.nechtyzilina.sk\/index.php?rest_route=%2Fwp%2Fv2%2Fmedia&parent=24462"}],"curies":[{"name":"wp","href":"https:\/\/api.w.org\/{rel}","templated":true}]}}